{"id":289,"date":"2026-03-16T01:16:37","date_gmt":"2026-03-16T01:16:37","guid":{"rendered":"https:\/\/purplekey.ba\/?page_id=289"},"modified":"2026-04-17T00:16:38","modified_gmt":"2026-04-17T00:16:38","slug":"cookie-policy","status":"publish","type":"page","link":"https:\/\/purplekey.ba\/bs\/cookie-policy\/","title":{"rendered":"Politika kola\u010di\u0107a"},"content":{"rendered":"","protected":false},"excerpt":{"rendered":"","protected":false},"author":1,"featured_media":0,"parent":0,"menu_order":0,"comment_status":"closed","ping_status":"closed","template":"","meta":{"_acf_changed":false,"slim_seo":{"title":"Cookie Policy - Purple Key Agency","description":"Cookie Policy Purple Key Agency POLITIKA KOLA\u010cI\u0106A Posljednje a\u017euriranje: 24. juni 2025. Ova Politika kola\u010di\u0107a obja\u0161njava kako Purple Key d.o.o. Sarajevo (\u201eKompa"},"footnotes":""},"class_list":["post-289","page","type-page","status-publish","hentry"],"acf":[],"_links":{"self":[{"href":"https:\/\/purplekey.ba\/bs\/wp-json\/wp\/v2\/pages\/289","targetHints":{"allow":["GET"]}}],"collection":[{"href":"https:\/\/purplekey.ba\/bs\/wp-json\/wp\/v2\/pages"}],"about":[{"href":"https:\/\/purplekey.ba\/bs\/wp-json\/wp\/v2\/types\/page"}],"author":[{"embeddable":true,"href":"https:\/\/purplekey.ba\/bs\/wp-json\/wp\/v2\/users\/1"}],"replies":[{"embeddable":true,"href":"https:\/\/purplekey.ba\/bs\/wp-json\/wp\/v2\/comments?post=289"}],"version-history":[{"count":10,"href":"https:\/\/purplekey.ba\/bs\/wp-json\/wp\/v2\/pages\/289\/revisions"}],"predecessor-version":[{"id":6381,"href":"https:\/\/purplekey.ba\/bs\/wp-json\/wp\/v2\/pages\/289\/revisions\/6381"}],"wp:attachment":[{"href":"https:\/\/purplekey.ba\/bs\/wp-json\/wp\/v2\/media?parent=289"}],"curies":[{"name":"wp","href":"https:\/\/api.w.org\/{rel}","templated":true}]}}